{"id":445,"date":"2018-01-23T19:38:04","date_gmt":"2018-01-23T18:38:04","guid":{"rendered":"http:\/\/www.motoclubdegoult.fr\/?page_id=445"},"modified":"2018-01-23T19:52:56","modified_gmt":"2018-01-23T18:52:56","slug":"le-codever","status":"publish","type":"page","link":"http:\/\/www.motoclubdegoult.fr\/?page_id=445","title":{"rendered":"LE CODEVER"},"content":{"rendered":"<p>&nbsp;<\/p>\n<p><span style=\"color: #ff6600;\"><strong>Depuis 1987, le CODEVER agit pour sauvegarder la libert\u00e9 de circuler et pour maintenir les activit\u00e9s de loisirs verts, motoris\u00e9s ou non, dans les espaces naturels.<\/strong><\/span><\/p>\n<p style=\"text-align: center;\"><img loading=\"lazy\" decoding=\"async\" class=\"alignnone size-medium wp-image-443\" src=\"http:\/\/www.motoclubdegoult.fr\/wp-content\/uploads\/2018\/01\/Codever-300x176.jpg\" alt=\"\" width=\"300\" height=\"176\" srcset=\"http:\/\/www.motoclubdegoult.fr\/wp-content\/uploads\/2018\/01\/Codever-300x176.jpg 300w, http:\/\/www.motoclubdegoult.fr\/wp-content\/uploads\/2018\/01\/Codever-768x450.jpg 768w, http:\/\/www.motoclubdegoult.fr\/wp-content\/uploads\/2018\/01\/Codever-1024x599.jpg 1024w, http:\/\/www.motoclubdegoult.fr\/wp-content\/uploads\/2018\/01\/Codever.jpg 1083w\" sizes=\"auto, (max-width: 300px) 100vw, 300px\" \/><\/p>\n<p style=\"text-align: center;\"><strong>https:\/\/www.codever.fr<\/strong><\/p>\n<p>&nbsp;<\/p>\n<p>D\u00e9fendre, promouvoir, convaincre, manifester, p\u00e9titionner, conseiller les usagers et les \u00e9lus\u2026 Le CODEVER repr\u00e9sente une v\u00e9ritable force d\u2019opposition mais aussi de proposition &#8230;<\/p>\n<p><span class=\"bold\">Association Loi 1901, Le CODEVER est totalement ind\u00e9pendant des pouvoirs publics.<\/span> Sa tr\u00e9sorerie est donc constitu\u00e9e exclusivement des cotisations de ses adh\u00e9rents et de ses partenaires, qu&rsquo;ils soient particuliers, associations ou soci\u00e9t\u00e9s.<\/p>\n<p>&nbsp;<\/p>\n<p><strong>Pour plus d&rsquo;informations consulter le site du CODEVER ou t\u00e9l\u00e9charger <a href=\"http:\/\/www.motoclubdegoult.fr\/wp-content\/uploads\/2018\/01\/charte-du-codever.pdf\">la charte du codever<\/a><\/strong><\/p>\n<p>&nbsp;<\/p>\n","protected":false},"excerpt":{"rendered":"<p>&nbsp; Depuis 1987, le CODEVER agit pour sauvegarder la libert\u00e9 de circuler et pour maintenir les activit\u00e9s de loisirs verts,<\/p>\n","protected":false},"author":1,"featured_media":0,"parent":0,"menu_order":0,"comment_status":"closed","ping_status":"closed","template":"","meta":{"footnotes":""},"class_list":["post-445","page","type-page","status-publish","hentry"],"_links":{"self":[{"href":"http:\/\/www.motoclubdegoult.fr\/index.php?rest_route=\/wp\/v2\/pages\/445","targetHints":{"allow":["GET"]}}],"collection":[{"href":"http:\/\/www.motoclubdegoult.fr\/index.php?rest_route=\/wp\/v2\/pages"}],"about":[{"href":"http:\/\/www.motoclubdegoult.fr\/index.php?rest_route=\/wp\/v2\/types\/page"}],"author":[{"embeddable":true,"href":"http:\/\/www.motoclubdegoult.fr\/index.php?rest_route=\/wp\/v2\/users\/1"}],"replies":[{"embeddable":true,"href":"http:\/\/www.motoclubdegoult.fr\/index.php?rest_route=%2Fwp%2Fv2%2Fcomments&post=445"}],"version-history":[{"count":3,"href":"http:\/\/www.motoclubdegoult.fr\/index.php?rest_route=\/wp\/v2\/pages\/445\/revisions"}],"predecessor-version":[{"id":450,"href":"http:\/\/www.motoclubdegoult.fr\/index.php?rest_route=\/wp\/v2\/pages\/445\/revisions\/450"}],"wp:attachment":[{"href":"http:\/\/www.motoclubdegoult.fr\/index.php?rest_route=%2Fwp%2Fv2%2Fmedia&parent=445"}],"curies":[{"name":"wp","href":"https:\/\/api.w.org\/{rel}","templated":true}]}}