{"id":425,"date":"2018-01-22T21:35:28","date_gmt":"2018-01-22T20:35:28","guid":{"rendered":"http:\/\/www.motoclubdegoult.fr\/?page_id=425"},"modified":"2018-02-02T21:12:12","modified_gmt":"2018-02-02T20:12:12","slug":"charte-du-randonneur","status":"publish","type":"page","link":"http:\/\/www.motoclubdegoult.fr\/?page_id=425","title":{"rendered":"CHARTE DU RANDONNEUR"},"content":{"rendered":"<p style=\"text-align: center;\">\n<p><span style=\"color: #ff6600;\"><strong>Le quad est une activit\u00e9 de plein air, permettant de d\u00e9couvrir les richesses naturelles et environnementales de nos r\u00e9gions. Cependant, l\u2019ensemble des pratiquants doit veiller \u00e0 respecter ces richesses afin de pouvoir assurer la p\u00e9rennit\u00e9 de ce loisir.<\/strong><\/span><\/p>\n<p>&nbsp;<\/p>\n<p><strong><span style=\"color: #dd8500;\"><span style=\"color: #ff6600;\">R\u00c8GLES D&rsquo;UTILISATION ET DE S\u00c9CURIT\u00c9<br \/>\n<\/span><\/span><\/strong><\/p>\n<ul>\n<li>Utiliser imp\u00e9rativement un quad homologu\u00e9 n\u2019ayant subi aucune modification (pot d\u2019\u00e9chappement \u00e9vid\u00e9 etc&#8230;)<\/li>\n<li>\u00catre en possession d\u2019un permis de conduire valide.<\/li>\n<li>Assurer imp\u00e9rativement son quad (minimum responsabilit\u00e9 civile)<\/li>\n<li>Respecter le code de la route et adapter sa conduite sur les chemins de randonn\u00e9es en fonction des difficult\u00e9s rencontr\u00e9es.<\/li>\n<li>Conform\u00e9ment aux r\u00e8gles du code de la route il est interdit de conduire sous l\u2019emprise d\u2019alcools et\/ou de drogues.<\/li>\n<li>Pratiquer le quad dans le respect des r\u00e8gles d\u2019utilisation courantes (port du casque, v\u00eatements adapt\u00e9s, v\u00e9hicule en parfait \u00e9tat m\u00e9canique).<\/li>\n<li>En cas de pr\u00eat d\u2019un quad veillez \u00e0 ce que l\u2019utilisateur soit en possession d\u2019un permis de conduire, une assurance (minimum responsabilit\u00e9 civile tout conducteur) et porte un casque.<\/li>\n<li>Tout passager d\u2019un quad biplace devra \u00eatre \u00e2g\u00e9 de 12 ans au minimum.<\/li>\n<\/ul>\n<p><strong><span style=\"color: #dd8500;\"><span style=\"color: #ff6600;\">\u00a0<\/span><\/span><\/strong><\/p>\n<p class=\"western\"><strong><span style=\"color: #dd8500;\"><span style=\"color: #ff6600;\">CHARTE DE BONNE CONDUITE DES QUADEURS<\/span><\/span><\/strong><\/p>\n<ul>\n<li class=\"western\"><span lang=\"fr-FR\">C\u00e9der le passage aux randonneurs p\u00e9destres et \u00e9questres, aux v\u00e9los, les d\u00e9passer avec pr\u00e9caution, s\u2019arr\u00eater et couper le moteur en croisant des animaux, des enfants\u2026 ralentir \u00e0 proximit\u00e9 des autres v\u00e9hicules.<\/span><\/li>\n<li class=\"western\"><span lang=\"fr-FR\">Passer \u00e0 distance des animaux sauvages et domestiques.<\/span><\/li>\n<li class=\"western\"><span lang=\"fr-FR\">E<\/span><span lang=\"fr-FR\">n p\u00e9riode de chasse, \u00e9vitez si possible les zones d\u00e9limit\u00e9es et signal\u00e9es par les chasseurs.<\/span><\/li>\n<li class=\"western\"><span lang=\"fr-FR\">Respecter la r\u00e9glementation (parcs naturels, zones prot\u00e9g\u00e9es, etc.), n\u2019empruntez que les chemins ouverts \u00e0 la circulation et en respecter l\u2019\u00e9tat. <\/span><\/li>\n<li class=\"western\"><span lang=\"fr-FR\">Ne pas p\u00e9n\u00e9trer sans autorisation dans les propri\u00e9t\u00e9s priv\u00e9es, remettre les barri\u00e8res de zones de p\u00e2turages en place apr\u00e8s son passage.<\/span><\/li>\n<li class=\"western\"><span lang=\"fr-FR\">Randonner en quad permet d&#8217;emprunter des chemins et sentiers accessibles aux d\u00e9butants mais aussi parfois des portions plus techniques necessitant une certaines exp\u00e9rience du pilotage.<\/span><\/li>\n<li class=\"western\"><span lang=\"fr-FR\">Randonner sous sa propre responsabilit\u00e9 et renoncer, en cas d\u2019accident, \u00e0 rechercher celle du propri\u00e9taire du chemin.<\/span><\/li>\n<li class=\"western\"><span lang=\"fr-FR\">Franchir les cours d\u2019eau \u00e0 gu\u00e9 que sur le parcours le plus direct et lorsqu\u2019il s\u2019agit manifestement d\u2019un passage nature.<\/span><\/li>\n<li class=\"western\"><span lang=\"fr-FR\">Ne jamais jeter de d\u00e9tritus au sol, mais les mettre dans un sac jusqu&rsquo;\u00e0 la prochaine poubelle.<\/span><\/li>\n<li class=\"western\"><span lang=\"fr-FR\">Ne pas baliser les randonn\u00e9es.<\/span><\/li>\n<li class=\"western\"><span lang=\"fr-FR\">Ne pas collecter de donn\u00e9es GPS \u00e0 titre personnel ni de communiquer les randonn\u00e9es sur des m\u00e9dias (forum \u2026) afin \u00e9viter des sur fr\u00e9quentations.<\/span><\/li>\n<li class=\"western\"><span lang=\"fr-FR\">Ne pas m\u00e9diatiser des photos de zones trialisantes r\u00e9alis\u00e9es dans un domaine priv\u00e9 qui pourrait \u00eatre interpr\u00e9t\u00e9 comme un comportement aberrant sur le domaine public.<\/span><\/li>\n<li class=\"western\"><span lang=\"fr-FR\">Porter assistance \u00e0 toutes personnes en difficult\u00e9 rencontr\u00e9e sur les chemins.<\/span><\/li>\n<li class=\"western\"><span lang=\"fr-FR\">Savoir en toutes occasions rester modeste, discret et aimable. Et se comporter en toutes circonstances comme un ambassadeur d\u2019une pratique raisonn\u00e9e du quad.<\/span><\/li>\n<\/ul>\n<p>&nbsp;<\/p>\n<p><img loading=\"lazy\" decoding=\"async\" class=\"size-medium wp-image-443 aligncenter\" src=\"http:\/\/www.motoclubdegoult.fr\/wp-content\/uploads\/2018\/01\/Codever-300x176.jpg\" alt=\"\" width=\"300\" height=\"176\" srcset=\"http:\/\/www.motoclubdegoult.fr\/wp-content\/uploads\/2018\/01\/Codever-300x176.jpg 300w, http:\/\/www.motoclubdegoult.fr\/wp-content\/uploads\/2018\/01\/Codever-768x450.jpg 768w, http:\/\/www.motoclubdegoult.fr\/wp-content\/uploads\/2018\/01\/Codever-1024x599.jpg 1024w, http:\/\/www.motoclubdegoult.fr\/wp-content\/uploads\/2018\/01\/Codever.jpg 1083w\" sizes=\"auto, (max-width: 300px) 100vw, 300px\" \/><\/p>\n<p>&nbsp;<\/p>\n<p>&nbsp;<\/p>\n<p>&nbsp;<\/p>\n","protected":false},"excerpt":{"rendered":"<p>Le quad est une activit\u00e9 de plein air, permettant de d\u00e9couvrir les richesses naturelles et environnementales de nos r\u00e9gions. Cependant,<\/p>\n","protected":false},"author":1,"featured_media":0,"parent":0,"menu_order":0,"comment_status":"closed","ping_status":"closed","template":"","meta":{"footnotes":""},"class_list":["post-425","page","type-page","status-publish","hentry"],"_links":{"self":[{"href":"http:\/\/www.motoclubdegoult.fr\/index.php?rest_route=\/wp\/v2\/pages\/425","targetHints":{"allow":["GET"]}}],"collection":[{"href":"http:\/\/www.motoclubdegoult.fr\/index.php?rest_route=\/wp\/v2\/pages"}],"about":[{"href":"http:\/\/www.motoclubdegoult.fr\/index.php?rest_route=\/wp\/v2\/types\/page"}],"author":[{"embeddable":true,"href":"http:\/\/www.motoclubdegoult.fr\/index.php?rest_route=\/wp\/v2\/users\/1"}],"replies":[{"embeddable":true,"href":"http:\/\/www.motoclubdegoult.fr\/index.php?rest_route=%2Fwp%2Fv2%2Fcomments&post=425"}],"version-history":[{"count":7,"href":"http:\/\/www.motoclubdegoult.fr\/index.php?rest_route=\/wp\/v2\/pages\/425\/revisions"}],"predecessor-version":[{"id":462,"href":"http:\/\/www.motoclubdegoult.fr\/index.php?rest_route=\/wp\/v2\/pages\/425\/revisions\/462"}],"wp:attachment":[{"href":"http:\/\/www.motoclubdegoult.fr\/index.php?rest_route=%2Fwp%2Fv2%2Fmedia&parent=425"}],"curies":[{"name":"wp","href":"https:\/\/api.w.org\/{rel}","templated":true}]}}