{"id":277,"date":"2017-09-30T12:30:30","date_gmt":"2017-09-30T11:30:30","guid":{"rendered":"http:\/\/www.motoclubdegoult.fr\/?page_id=277"},"modified":"2017-09-30T12:40:38","modified_gmt":"2017-09-30T11:40:38","slug":"pass-circuit-mx","status":"publish","type":"page","link":"http:\/\/www.motoclubdegoult.fr\/?page_id=277","title":{"rendered":"PASS CIRCUIT MX"},"content":{"rendered":"<p>&nbsp;<\/p>\n<p><strong><span style=\"color: #dd8500;\">PR\u00c9SENTATION DU PASS CIRCUIT MX<br \/>\n<\/span><\/strong><\/p>\n<p>Le PASS CIRCUIT MX est un titre de la F\u00e9d\u00e9ration Fran\u00e7aise de Motocyclisme.<\/p>\n<p>Le PASS CIRCUIT MX <strong>donne acc\u00e8s \u00e0 la pratique de loisirs en France sur circuit de Motocross homologu\u00e9<\/strong> par les autorit\u00e9s administratives, ou sur un site de pratique agr\u00e9\u00e9 par la FFM, ferm\u00e9 \u00e0 la circulation publique.<\/p>\n<p>Le PASS CIRCUIT MX permet \u00e9galement de b\u00e9n\u00e9ficier de garanties d\u2019assurance (cf ci-dessous).<\/p>\n<p>Pour cela il faut que l&rsquo;activit\u00e9 soit inscrite par le Club sur le site Internet www.passcircuit.fr afin que le PASS CIRCUIT MX puisse \u00eatre souscrit. Le Club organisateur doit renseigner au pr\u00e9alable les dates d&rsquo;ouverture du site de pratique autorisant la souscription du PASS CIRCUIT MX.<\/p>\n<p>&nbsp;<\/p>\n<p><strong><span style=\"color: #dd8500;\">PRATIQUES ACCESSIBLES VIA LE PASS CIRCUIT MX<\/span><\/strong><\/p>\n<p>Le PASS CIRCUIT MX est d\u00e9livr\u00e9 uniquement dans le cadre des <strong>activit\u00e9s non comp\u00e9titives<\/strong> relevant de la discipline Motocross, \u00e0 l\u2019exclusion du Supercross.<\/p>\n<p>&nbsp;<\/p>\n<p><strong><span style=\"color: #dd8500;\">DUR\u00c9E DE VALIDIT\u00c9 DU PASS CIRCUIT MX<\/span><\/strong><\/p>\n<p>La validit\u00e9 du PASS CIRCUIT MX est <strong>limit\u00e9e \u00e0 une seule journ\u00e9e de roulage<\/strong>, il est nominatif et ne peut \u00eatre c\u00e9d\u00e9.<\/p>\n<p><span style=\"color: #ff0000;\"><strong>Attention : A ce jour, il n&rsquo;est pas possible de souscrire un PASS CIRCUIT MX pour une demi-journ\u00e9e de roulage. L&rsquo;acc\u00e8s au circuit de LA GARDI du Moto Club de Goult lors des ouvertures du samedi (14h-18h) ne peut donc se faire qu\u2019apr\u00e8s souscription d&rsquo;un PASS CIRCUIT MX classique.<\/strong><\/span><\/p>\n<p>&nbsp;<\/p>\n<p><strong><span style=\"color: #dd8500;\">A PARTIR DE QUEL AGE PEUT ON SOUSCRIRE LE PASS CIRCUIT MX<br \/>\n<\/span><\/strong><\/p>\n<p>Le PASS CIRCUIT MX peut \u00eatre souscrit<strong> \u00e0 partir de 6\u00a0ans r\u00e9volus<\/strong>, conform\u00e9ment aux r\u00e8gles techniques et de s\u00e9curit\u00e9 de la discipline. Pour les mineurs une autorisation parentale est requise.<\/p>\n<p>&nbsp;<\/p>\n<p><strong><span style=\"color: #dd8500;\">ASSURANCES LIEES AU PASS CIRCUIT MX<\/span><\/strong><\/p>\n<p>Le titulaire d\u2019un PASS CIRCUIT MX b\u00e9n\u00e9ficie des garanties d\u2019assurance en Responsabilit\u00e9 Civile, Individuelle Accident, et Assistance Rapatriement. Il peut \u00e9galement souscrire des garanties compl\u00e9mentaires facultatives.<\/p>\n<p>&nbsp;<\/p>\n<p><strong><span style=\"color: #dd8500;\">MODALIT\u00c9S DE SOUSCRIPTION AU PASS CIRCUIT MX<\/span><\/strong><\/p>\n<p>Pour obtenir votre PASS CIRCUIT MX vous devez :<\/p>\n<p><strong>1. Souscrire votre PASS CIRCUIT MX sur le site internet :\u00a0<a href=\"http:\/\/www.passcircuit.fr\">www.passcircuit.fr<\/a><\/strong><\/p>\n<ul>\n<li>S\u00e9lectionner Rubrique MX<\/li>\n<li>Cr\u00e9er votre compte utilisateur ou connecter vous avez vos identifiants<\/li>\n<li>Choisir votre r\u00e9gion<\/li>\n<li>S\u00e9lectionner votre circuit de motocross<\/li>\n<li>Indiquer votre date de roulage<\/li>\n<\/ul>\n<p><strong>2. Pr\u00e9senter lors de votre roulage le PASS CIRCUIT MX que vous avez souscrit.<\/strong><\/p>\n<p>&nbsp;<\/p>\n<p><strong><span style=\"color: #dd8500;\">TARIF DU PASS CIRCUIT MX<\/span><\/strong><\/p>\n<p>Le tarif du PASS CIRCUIT MX est fix\u00e9 \u00e0 <strong>39 \u20ac<\/strong>.<\/p>\n<p>Le paiement se fait uniquement lors de la souscription par Carte Bleue sur le site internet :\u00a0<a href=\"http:\/\/www.passcircuit.fr\">www.passcircuit.fr<\/a><\/p>\n<p>&nbsp;<\/p>\n<p><strong><span style=\"color: #dd8500;\">INFORMATIONS COMPL\u00c9MENTAIRES<br \/>\n<\/span><\/strong><\/p>\n<p>L&rsquo;ensemble des informations utiles sont disponibles sur le site internet : <a href=\"http:\/\/www.passcircuit.fr\">www.passcircuit.fr<\/a><\/p>\n","protected":false},"excerpt":{"rendered":"<p>&nbsp; PR\u00c9SENTATION DU PASS CIRCUIT MX Le PASS CIRCUIT MX est un titre de la F\u00e9d\u00e9ration Fran\u00e7aise de Motocyclisme. Le<\/p>\n","protected":false},"author":1,"featured_media":0,"parent":0,"menu_order":0,"comment_status":"closed","ping_status":"closed","template":"","meta":{"footnotes":""},"class_list":["post-277","page","type-page","status-publish","hentry"],"_links":{"self":[{"href":"http:\/\/www.motoclubdegoult.fr\/index.php?rest_route=\/wp\/v2\/pages\/277","targetHints":{"allow":["GET"]}}],"collection":[{"href":"http:\/\/www.motoclubdegoult.fr\/index.php?rest_route=\/wp\/v2\/pages"}],"about":[{"href":"http:\/\/www.motoclubdegoult.fr\/index.php?rest_route=\/wp\/v2\/types\/page"}],"author":[{"embeddable":true,"href":"http:\/\/www.motoclubdegoult.fr\/index.php?rest_route=\/wp\/v2\/users\/1"}],"replies":[{"embeddable":true,"href":"http:\/\/www.motoclubdegoult.fr\/index.php?rest_route=%2Fwp%2Fv2%2Fcomments&post=277"}],"version-history":[{"count":4,"href":"http:\/\/www.motoclubdegoult.fr\/index.php?rest_route=\/wp\/v2\/pages\/277\/revisions"}],"predecessor-version":[{"id":282,"href":"http:\/\/www.motoclubdegoult.fr\/index.php?rest_route=\/wp\/v2\/pages\/277\/revisions\/282"}],"wp:attachment":[{"href":"http:\/\/www.motoclubdegoult.fr\/index.php?rest_route=%2Fwp%2Fv2%2Fmedia&parent=277"}],"curies":[{"name":"wp","href":"https:\/\/api.w.org\/{rel}","templated":true}]}}