{"id":246,"date":"2017-08-07T13:34:46","date_gmt":"2017-08-07T12:34:46","guid":{"rendered":"http:\/\/www.motoclubdegoult.fr\/?page_id=246"},"modified":"2017-08-07T13:34:46","modified_gmt":"2017-08-07T12:34:46","slug":"circuits","status":"publish","type":"page","link":"http:\/\/www.motoclubdegoult.fr\/?page_id=246","title":{"rendered":"CIRCUITS"},"content":{"rendered":"<p>&nbsp;<\/p>\n<p><strong><span style=\"color: #dd8500;\">CIRCUIT DE \u00ab\u00a0LA GARDI\u00a0\u00bb<br \/>\n<\/span><\/strong><\/p>\n<p>Le circuit de LA GARDI est un circuit de motocross permanent. Il s&rsquo;agit d&rsquo;un des plus anciens et des plus beaux terrains de motocross de la r\u00e9gion. Longtemps ferm\u00e9 pour raisons administratives, le Moto Club de Goult et la F\u00e9d\u00e9ration Fran\u00e7aise de Motocyclisme se sont battus durant de nombreuses ann\u00e9es notamment devant les tribunaux pour obtenir la r\u00e9ouverture du site.<\/p>\n<p>Fin 2016, le circuit de LA GARDI a re\u00e7u une nouvelle homologation permettant une reprise des entrainements \u00e0 partir de 2017 avec mise en \u0153uvre de contraintes d&rsquo;am\u00e9nagement et de protection environnementales importantes. C&rsquo;est pourquoi, la pratique est d\u00e9sormais encadr\u00e9e et des r\u00e8gles tr\u00e8s strictes sont impos\u00e9es aux pilotes et accompagnateurs.<\/p>\n<p>Circuit vallonn\u00e9 et sinueux, trac\u00e9 dans les pins et les ocres, la piste de LA GARDI est tr\u00e8s appr\u00e9ci\u00e9e des pilotes. Elle dispose en grande majorit\u00e9 d&rsquo;obstacles naturels et peu d&rsquo;obstacles artificiels. Ce trac\u00e9 exigeant, demandant technicit\u00e9 et condition physique est un terrain d&rsquo;entrainement id\u00e9al. Il repr\u00e9sente \u00e9galement un des rares terrain de motocross du Vaucluse.<\/p>\n<p><a href=\"http:\/\/www.motoclubdegoult.fr\/wp-content\/uploads\/2017\/08\/IMG_3911.jpg\"><img loading=\"lazy\" decoding=\"async\" class=\"size-large wp-image-247 aligncenter\" src=\"http:\/\/www.motoclubdegoult.fr\/wp-content\/uploads\/2017\/08\/IMG_3911-1024x683.jpg\" alt=\"\" width=\"800\" height=\"534\" srcset=\"http:\/\/www.motoclubdegoult.fr\/wp-content\/uploads\/2017\/08\/IMG_3911-1024x683.jpg 1024w, http:\/\/www.motoclubdegoult.fr\/wp-content\/uploads\/2017\/08\/IMG_3911-300x200.jpg 300w, http:\/\/www.motoclubdegoult.fr\/wp-content\/uploads\/2017\/08\/IMG_3911-768x512.jpg 768w\" sizes=\"auto, (max-width: 800px) 100vw, 800px\" \/><\/a><\/p>\n<p>&nbsp;<\/p>\n<p><strong><span style=\"color: #dd8500;\">PISTE DE \u00ab\u00a0VILLARS\u00a0\u00bb<\/span><\/strong><\/p>\n<p>La piste de VILLARS est un circuit d&rsquo;endurance tout terrain non permanent. Il s&rsquo;agit d&rsquo;un trac\u00e9 mis en place uniquement \u00e0 l\u2019occasion de l&rsquo;organisation de l&rsquo;endurance tout terrain du Moto Club de Goult. Cette piste emprunte des chemins et des terrains agricoles mis \u00e0 disposition par diff\u00e9rents exploitants ou propri\u00e9taires. Elle fait l&rsquo;objet d&rsquo;une homologation temporaire.<\/p>\n<p>Situ\u00e9e sur la commune de Villars \u00e0 proximit\u00e9 de la ville d&rsquo;Apt, la piste de VILLARS a fait l&rsquo;objet d&rsquo;important travaux, notamment de d\u00e9frichement et de d\u00e9broussaillement. Sa mise en service n\u00e9cessite une logistique et un investissement humain important. L&rsquo;ensemble des membres du club est mis \u00e0 contribution lors de l&rsquo;organisation de l&rsquo;endurance tout terrain : section COMP\u00c9TITION et section RANDONN\u00c9E.<\/p>\n<p>&nbsp;<\/p>\n<p><a href=\"http:\/\/www.motoclubdegoult.fr\/wp-content\/uploads\/2017\/08\/mes-images-258.jpg\"><img loading=\"lazy\" decoding=\"async\" class=\"size-full wp-image-248 aligncenter\" src=\"http:\/\/www.motoclubdegoult.fr\/wp-content\/uploads\/2017\/08\/mes-images-258.jpg\" alt=\"\" width=\"450\" height=\"300\" srcset=\"http:\/\/www.motoclubdegoult.fr\/wp-content\/uploads\/2017\/08\/mes-images-258.jpg 450w, http:\/\/www.motoclubdegoult.fr\/wp-content\/uploads\/2017\/08\/mes-images-258-300x200.jpg 300w\" sizes=\"auto, (max-width: 450px) 100vw, 450px\" \/><\/a><\/p>\n","protected":false},"excerpt":{"rendered":"<p>&nbsp; CIRCUIT DE \u00ab\u00a0LA GARDI\u00a0\u00bb Le circuit de LA GARDI est un circuit de motocross permanent. Il s&rsquo;agit d&rsquo;un des<\/p>\n","protected":false},"author":1,"featured_media":0,"parent":0,"menu_order":0,"comment_status":"closed","ping_status":"closed","template":"","meta":{"footnotes":""},"class_list":["post-246","page","type-page","status-publish","hentry"],"_links":{"self":[{"href":"http:\/\/www.motoclubdegoult.fr\/index.php?rest_route=\/wp\/v2\/pages\/246","targetHints":{"allow":["GET"]}}],"collection":[{"href":"http:\/\/www.motoclubdegoult.fr\/index.php?rest_route=\/wp\/v2\/pages"}],"about":[{"href":"http:\/\/www.motoclubdegoult.fr\/index.php?rest_route=\/wp\/v2\/types\/page"}],"author":[{"embeddable":true,"href":"http:\/\/www.motoclubdegoult.fr\/index.php?rest_route=\/wp\/v2\/users\/1"}],"replies":[{"embeddable":true,"href":"http:\/\/www.motoclubdegoult.fr\/index.php?rest_route=%2Fwp%2Fv2%2Fcomments&post=246"}],"version-history":[{"count":2,"href":"http:\/\/www.motoclubdegoult.fr\/index.php?rest_route=\/wp\/v2\/pages\/246\/revisions"}],"predecessor-version":[{"id":906,"href":"http:\/\/www.motoclubdegoult.fr\/index.php?rest_route=\/wp\/v2\/pages\/246\/revisions\/906"}],"wp:attachment":[{"href":"http:\/\/www.motoclubdegoult.fr\/index.php?rest_route=%2Fwp%2Fv2%2Fmedia&parent=246"}],"curies":[{"name":"wp","href":"https:\/\/api.w.org\/{rel}","templated":true}]}}