{"id":229,"date":"2017-10-12T15:17:24","date_gmt":"2017-10-12T14:17:24","guid":{"rendered":"http:\/\/www.motoclubdegoult.fr\/newsite\/?page_id=229"},"modified":"2022-12-20T10:15:40","modified_gmt":"2022-12-20T09:15:40","slug":"organigramme","status":"publish","type":"page","link":"http:\/\/www.motoclubdegoult.fr\/?page_id=229","title":{"rendered":"ORGANIGRAMME"},"content":{"rendered":"<p><strong><span style=\"color: #dd8500;\">COMIT\u00c9 DIRECTEUR<br \/>\n<\/span><\/strong><\/p>\n<p><strong>Pr\u00e9sident :<\/strong> Claude PEZIERE<\/p>\n<p><strong>Vice &#8211; Pr\u00e9sident : <\/strong>Fr\u00e9d\u00e9ric CARRARA<strong><br \/>\n<\/strong><\/p>\n<p><strong>Secr\u00e9taire : <\/strong>Christelle MANSUY<\/p>\n<p><strong>Tr\u00e9sorier :<\/strong> Jacqueline PEZIERE<\/p>\n<p><strong>Commissaires aux comptes :<\/strong> Jean Louis CHABRIER, Christophe PICCA<\/p>\n<p><strong><span style=\"color: #dd8500;\">MEMBRES ACTIFS<\/span><\/strong><\/p>\n<p><strong>Section Motocross :<\/strong> Jean Louis CHABRIER<strong><br \/>\n<\/strong><\/p>\n<p><strong>Section Quadcross : <\/strong>Claude PEZIERE<strong><br \/>\n<\/strong><\/p>\n<p><strong>Section Randonneurs Quad: <\/strong>Ariel ARNAUD<strong><br \/>\n<\/strong><\/p>\n<p><strong>M\u00e9dias &amp; Communication : <\/strong>Jean Louis CHABRIER, Guy MICHEL<strong><br \/>\n<\/strong><\/p>\n<p><strong>Site Internet \/ R\u00e9seaux sociaux : <\/strong>Guy MICHEL \/ Damien MICHEL<strong><br \/>\n<\/strong><\/p>\n<p><strong><span style=\"color: #dd8500;\">MEMBRES HONORIFIQUES<br \/>\n<\/span><\/strong><\/p>\n<p>Ren\u00e9e RICHARD, Alain ECKMAN, Didier PERELLO, Michel EUCHIN<\/p>\n","protected":false},"excerpt":{"rendered":"<p>COMIT\u00c9 DIRECTEUR Pr\u00e9sident : Claude PEZIERE Vice &#8211; Pr\u00e9sident : Fr\u00e9d\u00e9ric CARRARA Secr\u00e9taire : Christelle MANSUY Tr\u00e9sorier : Jacqueline PEZIERE<\/p>\n","protected":false},"author":1,"featured_media":0,"parent":0,"menu_order":0,"comment_status":"closed","ping_status":"closed","template":"","meta":{"footnotes":""},"class_list":["post-229","page","type-page","status-publish","hentry"],"_links":{"self":[{"href":"http:\/\/www.motoclubdegoult.fr\/index.php?rest_route=\/wp\/v2\/pages\/229","targetHints":{"allow":["GET"]}}],"collection":[{"href":"http:\/\/www.motoclubdegoult.fr\/index.php?rest_route=\/wp\/v2\/pages"}],"about":[{"href":"http:\/\/www.motoclubdegoult.fr\/index.php?rest_route=\/wp\/v2\/types\/page"}],"author":[{"embeddable":true,"href":"http:\/\/www.motoclubdegoult.fr\/index.php?rest_route=\/wp\/v2\/users\/1"}],"replies":[{"embeddable":true,"href":"http:\/\/www.motoclubdegoult.fr\/index.php?rest_route=%2Fwp%2Fv2%2Fcomments&post=229"}],"version-history":[{"count":4,"href":"http:\/\/www.motoclubdegoult.fr\/index.php?rest_route=\/wp\/v2\/pages\/229\/revisions"}],"predecessor-version":[{"id":1020,"href":"http:\/\/www.motoclubdegoult.fr\/index.php?rest_route=\/wp\/v2\/pages\/229\/revisions\/1020"}],"wp:attachment":[{"href":"http:\/\/www.motoclubdegoult.fr\/index.php?rest_route=%2Fwp%2Fv2%2Fmedia&parent=229"}],"curies":[{"name":"wp","href":"https:\/\/api.w.org\/{rel}","templated":true}]}}